{"id":2173,"date":"2025-12-03T10:40:33","date_gmt":"2025-12-03T09:40:33","guid":{"rendered":"https:\/\/wpml.henke-it.com\/all-about-dogs\/"},"modified":"2025-12-03T10:40:33","modified_gmt":"2025-12-03T09:40:33","slug":"all-about-dogs","status":"publish","type":"page","link":"https:\/\/wpml.henke-it.com\/en\/all-about-dogs\/","title":{"rendered":"All about dogs"},"content":{"rendered":"<p>Far away, behind the mountains of words, far from the lands of vowels and consonants, live the blind texts. Abgeschieden wohnen sie in Buchstabhausen an der K\u00fcste des Semantik, eines gro\u00dfen Sprachozeans. Ein kleines B\u00e4chlein namens Duden flie\u00dft durch ihren Ort und versorgt sie mit den n\u00f6tigen Regelialien. Es ist ein paradiesmatisches Land, in dem einem gebratene Satzteile in den Mund fliegen. Nicht einmal von der allm\u00e4chtigen Interpunktion werden die Blindtexte beherrscht \u2013 ein geradezu unorthographisches Leben. Eines Tages aber beschlo\u00df eine kleine Zeile Blindtext, ihr Name war Lorem Ipsum, hinaus zu gehen in die weite Grammatik. Der gro\u00dfe Oxmox riet ihr davon ab, da es dort wimmele von b\u00f6sen Kommata, wilden Fragezeichen und hinterh\u00e4ltigen Semikoli, doch das Blindtextchen lie\u00df sich nicht beirren. Es packte seine sieben Versalien, schob sich sein Initial in den G\u00fcrtel und machte sich auf den Weg. Als es die ersten H\u00fcgel des Kursivgebirges erklommen hatte, warf es einen letzten Blick zur\u00fcck auf die Skyline seiner Heimatstadt Buchstabhausen, die Headline von Alphabetdorf und die Subline seiner eigenen Stra\u00dfe, der Zeilengasse. Wehm\u00fctig lief ihm eine rhetorische Frage \u00fcber die Wange, dann setzte es seinen Weg fort. Unterwegs traf es eine Copy. Die Copy warnte das Blindtextchen, da, wo sie herk\u00e4me w\u00e4re sie<\/p>\n","protected":false},"excerpt":{"rendered":"<p>Far away, behind the mountains of words, far from the lands of vowels and consonants, live the blind texts. Abgeschieden wohnen sie in Buchstabhausen an der K\u00fcste des Semantik, eines gro\u00dfen Sprachozeans. Ein kleines B\u00e4chlein namens Duden flie\u00dft durch ihren Ort und versorgt sie mit den n\u00f6tigen Regelialien. Es ist ein paradiesmatisches Land, in dem &hellip; <\/p>\n<p class=\"link-more\"><a href=\"https:\/\/wpml.henke-it.com\/en\/all-about-dogs\/\" class=\"more-link\">Continue reading<span class=\"screen-reader-text\"> &#8220;All about dogs&#8221;<\/span><\/a><\/p>\n","protected":false},"author":1,"featured_media":0,"parent":0,"menu_order":0,"comment_status":"closed","ping_status":"closed","template":"","meta":{"footnotes":""},"class_list":["post-2173","page","type-page","status-publish","hentry"],"_links":{"self":[{"href":"https:\/\/wpml.henke-it.com\/en\/wp-json\/wp\/v2\/pages\/2173","targetHints":{"allow":["GET"]}}],"collection":[{"href":"https:\/\/wpml.henke-it.com\/en\/wp-json\/wp\/v2\/pages"}],"about":[{"href":"https:\/\/wpml.henke-it.com\/en\/wp-json\/wp\/v2\/types\/page"}],"author":[{"embeddable":true,"href":"https:\/\/wpml.henke-it.com\/en\/wp-json\/wp\/v2\/users\/1"}],"replies":[{"embeddable":true,"href":"https:\/\/wpml.henke-it.com\/en\/wp-json\/wp\/v2\/comments?post=2173"}],"version-history":[{"count":0,"href":"https:\/\/wpml.henke-it.com\/en\/wp-json\/wp\/v2\/pages\/2173\/revisions"}],"wp:attachment":[{"href":"https:\/\/wpml.henke-it.com\/en\/wp-json\/wp\/v2\/media?parent=2173"}],"curies":[{"name":"wp","href":"https:\/\/api.w.org\/{rel}","templated":true}]}}